{"id":10,"date":"2017-11-22T21:47:04","date_gmt":"2017-11-22T21:47:04","guid":{"rendered":"https:\/\/agerekg.at\/?page_id=10"},"modified":"2021-05-27T22:57:08","modified_gmt":"2021-05-27T22:57:08","slug":"projektcoaching","status":"publish","type":"page","link":"https:\/\/agerekg.at\/index.php\/projektcoaching\/","title":{"rendered":"Projektmanagement und -Coaching"},"content":{"rendered":"<p>Anpassungen von Organisationen erfolgen oft in kleinen Schritten, deren Risiko und Ergebnis \u00fcberschaubar ist. Manchmal ist es aber notwendig, neue, unbekannte Wege zu gehen. Je gr\u00f6\u00dfer aber der Grad der Neuartigkeit und je komplexer die Abh\u00e4ngigkeit der Einzelaspekte ist, desto gr\u00f6\u00dfer ist auch das Risiko des Scheiterns. Andererseits sind das gerade jene Projekte, welche bei gutem Abschluss einen gro\u00dfen Erfolg versprechen.<\/p>\n<p>Wiele Untersuchungen haben ergeben, dass der h\u00e4ufigste Grund f\u00fcr das Scheitern eines Projektes in der Kommunikation der Beteiligten liegt &#8211; darum legen wir darauf besonderes Augenmerk.<\/p>\n<p>Agere begleitet Ihre Projekte &#8211; sei es beim Entwickeln der Projektidee, der Durchf\u00fchrung einer Voranalyse, als Projektmanager, als Projektcoach oder Projektmediator. Wir haben Erfahrung sowohl in gro\u00dfen Projekten nach traditionellen PM-Methoden, wie auch in kleinen technischen Projekten mit agilen Methoden und Projekten sowohl im technischen wie auch psychosozialen- und Gesundheitskontext.<\/p>\n<p>Ist in Ihrem Projekt &#8220;Sand im Getriebe&#8221;? Dreht sich die Kommunikation im Kreis und bleibt das Projekt am Fleck stehen? Bei Projektverz\u00f6gerungen, Spannungen und Konflikten lohnt es sich, externe Hilfe beizuziehen.<\/p>\n<p>&nbsp;<\/p>\n","protected":false},"excerpt":{"rendered":"<p>Anpassungen von Organisationen erfolgen oft in kleinen Schritten, deren Risiko und Ergebnis \u00fcberschaubar ist. Manchmal ist es aber notwendig, neue, unbekannte Wege zu gehen. Je gr\u00f6\u00dfer aber der Grad der Neuartigkeit und je komplexer die Abh\u00e4ngigkeit der Einzelaspekte ist, desto gr\u00f6\u00dfer ist auch das Risiko des Scheiterns. Andererseits sind das gerade jene Projekte, welche bei [&hellip;]<\/p>\n","protected":false},"author":1,"featured_media":0,"parent":0,"menu_order":0,"comment_status":"closed","ping_status":"closed","template":"","meta":{"footnotes":""},"class_list":["post-10","page","type-page","status-publish","hentry"],"_links":{"self":[{"href":"https:\/\/agerekg.at\/index.php\/wp-json\/wp\/v2\/pages\/10","targetHints":{"allow":["GET"]}}],"collection":[{"href":"https:\/\/agerekg.at\/index.php\/wp-json\/wp\/v2\/pages"}],"about":[{"href":"https:\/\/agerekg.at\/index.php\/wp-json\/wp\/v2\/types\/page"}],"author":[{"embeddable":true,"href":"https:\/\/agerekg.at\/index.php\/wp-json\/wp\/v2\/users\/1"}],"replies":[{"embeddable":true,"href":"https:\/\/agerekg.at\/index.php\/wp-json\/wp\/v2\/comments?post=10"}],"version-history":[{"count":5,"href":"https:\/\/agerekg.at\/index.php\/wp-json\/wp\/v2\/pages\/10\/revisions"}],"predecessor-version":[{"id":110,"href":"https:\/\/agerekg.at\/index.php\/wp-json\/wp\/v2\/pages\/10\/revisions\/110"}],"wp:attachment":[{"href":"https:\/\/agerekg.at\/index.php\/wp-json\/wp\/v2\/media?parent=10"}],"curies":[{"name":"wp","href":"https:\/\/api.w.org\/{rel}","templated":true}]}}