{"id":12,"date":"2017-11-22T21:47:41","date_gmt":"2017-11-22T21:47:41","guid":{"rendered":"https:\/\/agerekg.at\/?page_id=12"},"modified":"2021-05-27T21:40:38","modified_gmt":"2021-05-27T21:40:38","slug":"kommunikationstrainings","status":"publish","type":"page","link":"https:\/\/agerekg.at\/index.php\/kommunikationstrainings\/","title":{"rendered":"Kommunikationstrainings"},"content":{"rendered":"<p>F\u00fchren Sie schon ein &#8220;high performing team&#8221;? Besonders in Startups und Technologie-Firmen wei\u00df man um den Erfolgsfaktor von hochperformanten Teams. Gute SCRUM-Teams zum Beispiel haben viele IT-Firmen zum Erfolg gebracht. Doch es geht um mehr als nur gute Fachkenntnisse.<\/p>\n<p>Kooperation hei\u00dft auch mit Menschen anderer kultureller Pr\u00e4gung gut umgehen zu lernen. Es hei\u00dft auch Kommunikation \u00fcber neue Medien, online-Kan\u00e4le wie e-mail, chat, Kooperationsportale, etc. effizient zu nutzen, konstruktive Beitr\u00e4ge anderer zu erkennen, Mi\u00dfverst\u00e4ndnisse zu vermeiden, eine Konfliktkultur im Unternehmen zu implementieren.<\/p>\n<p>agere hilft Ihnen und Ihren Team-Mitgliedern gutes Arbeitsklima mit hoher Performanz zu vereinen.<\/p>\n<p>Gleich ob es um die interne Kommunikation in einem Projekt geht, die Positionierung der Markt-Kommunikation oder die zielgruppengerechte Gestaltung eines Produktes oder einer Dienstleistung: Die Analyse der eigenen Bed\u00fcrfnisse wie jener des Gegen\u00fcbers ist immer der Ausgangspunkt.<\/p>\n<p>Um unseren Klienten zu helfen die Bed\u00fcrfnisse ihrer Kommunikationspartner besser zu kennen, setzen wir unter Anderem das Durchf\u00fchren von Fokus-Gruppen, die Personas-Methode und Rollenspiele ein.<\/p>\n<p>Fragen Sie an, was wir in Ihrem speziellen Fall empfehlen! Mit unserem Werkzeugkasten erstellen wir f\u00fcr\u00a0 Sie das passende Training oder den Workshop: in-house oder online!<\/p>\n","protected":false},"excerpt":{"rendered":"<p>F\u00fchren Sie schon ein &#8220;high performing team&#8221;? Besonders in Startups und Technologie-Firmen wei\u00df man um den Erfolgsfaktor von hochperformanten Teams. Gute SCRUM-Teams zum Beispiel haben viele IT-Firmen zum Erfolg gebracht. Doch es geht um mehr als nur gute Fachkenntnisse. Kooperation hei\u00dft auch mit Menschen anderer kultureller Pr\u00e4gung gut umgehen zu lernen. Es hei\u00dft auch Kommunikation [&hellip;]<\/p>\n","protected":false},"author":1,"featured_media":0,"parent":0,"menu_order":0,"comment_status":"closed","ping_status":"closed","template":"","meta":{"footnotes":""},"class_list":["post-12","page","type-page","status-publish","hentry"],"_links":{"self":[{"href":"https:\/\/agerekg.at\/index.php\/wp-json\/wp\/v2\/pages\/12","targetHints":{"allow":["GET"]}}],"collection":[{"href":"https:\/\/agerekg.at\/index.php\/wp-json\/wp\/v2\/pages"}],"about":[{"href":"https:\/\/agerekg.at\/index.php\/wp-json\/wp\/v2\/types\/page"}],"author":[{"embeddable":true,"href":"https:\/\/agerekg.at\/index.php\/wp-json\/wp\/v2\/users\/1"}],"replies":[{"embeddable":true,"href":"https:\/\/agerekg.at\/index.php\/wp-json\/wp\/v2\/comments?post=12"}],"version-history":[{"count":3,"href":"https:\/\/agerekg.at\/index.php\/wp-json\/wp\/v2\/pages\/12\/revisions"}],"predecessor-version":[{"id":98,"href":"https:\/\/agerekg.at\/index.php\/wp-json\/wp\/v2\/pages\/12\/revisions\/98"}],"wp:attachment":[{"href":"https:\/\/agerekg.at\/index.php\/wp-json\/wp\/v2\/media?parent=12"}],"curies":[{"name":"wp","href":"https:\/\/api.w.org\/{rel}","templated":true}]}}