{"id":14,"date":"2017-11-22T21:50:42","date_gmt":"2017-11-22T21:50:42","guid":{"rendered":"https:\/\/agerekg.at\/?page_id=14"},"modified":"2021-05-27T21:49:34","modified_gmt":"2021-05-27T21:49:34","slug":"mediation-online-mediation","status":"publish","type":"page","link":"https:\/\/agerekg.at\/index.php\/mediation-online-mediation\/","title":{"rendered":"Mediation &#038; Online-Mediation"},"content":{"rendered":"<p>Spannungen und Konflikte k\u00f6nnen in der Wirtschaft schnell \u00fcber &#8220;top&#8221; oder &#8220;flop&#8221; entscheiden. Neben starken direkten Kosten (f\u00fcr Prozesse, Anw\u00e4lte, Schadenersatz,&#8230;) sind vor allem die oft h\u00f6heren indirekten Kosten, wie Kunden- oder Mitarbeiter-Verlust, Imageverlust auf dem Markt, Stillst\u00e4nde, sinkende Produktivit\u00e4t, schlechtes Betriebsklima etc. der Grund, warum viele gro\u00dfe Betriebe bereits Mediation als ersten Versuch einer einvernehmlichen L\u00f6sung einsetzen.<\/p>\n<p>Bei gr\u00f6\u00dferen Orts-Unterschieden setzen wir auch Onlinekommunikation zur Mediation ein. Wir bieten Kunden auch technische Unterst\u00fctzung bei der Durchf\u00fchrung an (Einrichtung von virtuellen Konferenzr\u00e4umen, Kameras f\u00fcr Flipcharts, Dokumente und Personen am Besprechungstisch, Mikrophonierung, Beschallung, Gro\u00dfraumdisplays, Lichtpositionierung,&#8230;).<\/p>\n<p>Zur Zeit haben wir der Corona-Pandemie entsprechend auch kontaktlose Unterst\u00fctzungsprozesse etabliert, um Risken entsprechend zu minimieren.<\/p>\n","protected":false},"excerpt":{"rendered":"<p>Spannungen und Konflikte k\u00f6nnen in der Wirtschaft schnell \u00fcber &#8220;top&#8221; oder &#8220;flop&#8221; entscheiden. Neben starken direkten Kosten (f\u00fcr Prozesse, Anw\u00e4lte, Schadenersatz,&#8230;) sind vor allem die oft h\u00f6heren indirekten Kosten, wie Kunden- oder Mitarbeiter-Verlust, Imageverlust auf dem Markt, Stillst\u00e4nde, sinkende Produktivit\u00e4t, schlechtes Betriebsklima etc. der Grund, warum viele gro\u00dfe Betriebe bereits Mediation als ersten Versuch einer [&hellip;]<\/p>\n","protected":false},"author":1,"featured_media":0,"parent":0,"menu_order":0,"comment_status":"closed","ping_status":"closed","template":"","meta":{"footnotes":""},"class_list":["post-14","page","type-page","status-publish","hentry"],"_links":{"self":[{"href":"https:\/\/agerekg.at\/index.php\/wp-json\/wp\/v2\/pages\/14","targetHints":{"allow":["GET"]}}],"collection":[{"href":"https:\/\/agerekg.at\/index.php\/wp-json\/wp\/v2\/pages"}],"about":[{"href":"https:\/\/agerekg.at\/index.php\/wp-json\/wp\/v2\/types\/page"}],"author":[{"embeddable":true,"href":"https:\/\/agerekg.at\/index.php\/wp-json\/wp\/v2\/users\/1"}],"replies":[{"embeddable":true,"href":"https:\/\/agerekg.at\/index.php\/wp-json\/wp\/v2\/comments?post=14"}],"version-history":[{"count":3,"href":"https:\/\/agerekg.at\/index.php\/wp-json\/wp\/v2\/pages\/14\/revisions"}],"predecessor-version":[{"id":102,"href":"https:\/\/agerekg.at\/index.php\/wp-json\/wp\/v2\/pages\/14\/revisions\/102"}],"wp:attachment":[{"href":"https:\/\/agerekg.at\/index.php\/wp-json\/wp\/v2\/media?parent=14"}],"curies":[{"name":"wp","href":"https:\/\/api.w.org\/{rel}","templated":true}]}}