{"id":16,"date":"2017-11-22T21:52:46","date_gmt":"2017-11-22T21:52:46","guid":{"rendered":"https:\/\/agerekg.at\/?page_id=16"},"modified":"2024-07-17T11:22:19","modified_gmt":"2024-07-17T11:22:19","slug":"about","status":"publish","type":"page","link":"https:\/\/agerekg.at\/index.php\/about\/","title":{"rendered":"About"},"content":{"rendered":"<p>Agere erbringt Leistungen in den Bereichen: Unternehmensberatung, Trainings f\u00fcr zielgruppengerechte Kommunikation (auch online), Projektmanagement und -coaching, Usability und Wirtschaftsmediation. Gemeinsam mit strategischen Partnern setzen wir komplexe Projekte um.<\/p>\n<p>Diese Website wird betrieben durch:<\/p>\n<p>Agere KG<\/p>\n<p>Phorusgasse 8\/2\/4<br \/>\n1040 Wien<br \/>\n\u00d6sterreich<\/p>\n<p>Tel:\u00a0+43 (0)1 410 8029<br \/>\ne-mail: office@agerekg.at<\/p>\n<h2>Informationen gem. \u00a75 ECG, \u00a714 UGB und GewO<\/h2>\n<p>UID: ATU72426957<br \/>\nFirmenbuchnummer: 471085y<br \/>\nFirmenbuchgericht: Handelsgericht Wien<br \/>\nZust\u00e4ndige Aufsichtsbeh\u00f6rde: Magistratisches Bezirksamt f\u00fcr den 4. Bezirk<br \/>\nBerufsverband: WKO Fachbereich Unternehmensberatung bzw. Handel<br \/>\nGewerberechtliche Vorschriften: Gewerbeordnung gem\u00e4\u00df WKO Fachbereich Unternehmensberatung<\/p>\n","protected":false},"excerpt":{"rendered":"<p>Agere erbringt Leistungen in den Bereichen: Unternehmensberatung, Trainings f\u00fcr zielgruppengerechte Kommunikation (auch online), Projektmanagement und -coaching, Usability und Wirtschaftsmediation. Gemeinsam mit strategischen Partnern setzen wir komplexe Projekte um. Diese Website wird betrieben durch: Agere KG Phorusgasse 8\/2\/4 1040 Wien \u00d6sterreich Tel:\u00a0+43 (0)1 410 8029 e-mail: office@agerekg.at Informationen gem. \u00a75 ECG, \u00a714 UGB und GewO UID: [&hellip;]<\/p>\n","protected":false},"author":1,"featured_media":0,"parent":0,"menu_order":0,"comment_status":"closed","ping_status":"closed","template":"","meta":{"footnotes":""},"class_list":["post-16","page","type-page","status-publish","hentry"],"_links":{"self":[{"href":"https:\/\/agerekg.at\/index.php\/wp-json\/wp\/v2\/pages\/16","targetHints":{"allow":["GET"]}}],"collection":[{"href":"https:\/\/agerekg.at\/index.php\/wp-json\/wp\/v2\/pages"}],"about":[{"href":"https:\/\/agerekg.at\/index.php\/wp-json\/wp\/v2\/types\/page"}],"author":[{"embeddable":true,"href":"https:\/\/agerekg.at\/index.php\/wp-json\/wp\/v2\/users\/1"}],"replies":[{"embeddable":true,"href":"https:\/\/agerekg.at\/index.php\/wp-json\/wp\/v2\/comments?post=16"}],"version-history":[{"count":6,"href":"https:\/\/agerekg.at\/index.php\/wp-json\/wp\/v2\/pages\/16\/revisions"}],"predecessor-version":[{"id":134,"href":"https:\/\/agerekg.at\/index.php\/wp-json\/wp\/v2\/pages\/16\/revisions\/134"}],"wp:attachment":[{"href":"https:\/\/agerekg.at\/index.php\/wp-json\/wp\/v2\/media?parent=16"}],"curies":[{"name":"wp","href":"https:\/\/api.w.org\/{rel}","templated":true}]}}