{"id":6,"date":"2017-11-22T21:45:51","date_gmt":"2017-11-22T21:45:51","guid":{"rendered":"https:\/\/agerekg.at\/?page_id=6"},"modified":"2021-05-28T00:39:41","modified_gmt":"2021-05-28T00:39:41","slug":"home","status":"publish","type":"page","link":"https:\/\/agerekg.at\/","title":{"rendered":"Home"},"content":{"rendered":"<p>Bei Agere geht es uns um das &#8220;Tun&#8221; von Firmen und Organisationen. Gute gelingende Kommunikation\u00a0 ist die verbindende Klammer.<\/p>\n<p>Wir moderieren Ihre Workshops zu Strategiefindung und Projektideen, helfen Ihren Teams Projekte erfolgreich abzuschlie\u00dfen, erheben die W\u00fcnsche ihrer Zielgruppe in Fokusgruppen, helfen Ihre Website f\u00fcr Benutzer leichter benutzbar zu machen, unterst\u00fctzen Sie beim Finden einer guten L\u00f6sung im Fall von Spannungen und Konflikten, gleich ob intern oder mit Klienten und Lieferanten.<\/p>\n<p>Wir schl\u00fcpfen f\u00fcr Sie im beruflichen Kontext in die Rolle des Moderators, Mediators, Projektmanagers, Coaches, Beraters, Usability-und IT-Experts. Gemeinsam mit unseren strategischen Partnern setzen wir komplexe Projekte um.<\/p>\n<p>Besonderen Wert legen wir auf die Einbeziehung neuer Medien, insbesondere auch im Bereich der Team-Kommunikation und Kooperation sowie auf die Schaffung von \u201cIntercultural Awareness\u201d um effiziente Kommunikation zu erreichen.<\/p>\n","protected":false},"excerpt":{"rendered":"<p>Bei Agere geht es uns um das &#8220;Tun&#8221; von Firmen und Organisationen. Gute gelingende Kommunikation\u00a0 ist die verbindende Klammer. Wir moderieren Ihre Workshops zu Strategiefindung und Projektideen, helfen Ihren Teams Projekte erfolgreich abzuschlie\u00dfen, erheben die W\u00fcnsche ihrer Zielgruppe in Fokusgruppen, helfen Ihre Website f\u00fcr Benutzer leichter benutzbar zu machen, unterst\u00fctzen Sie beim Finden einer guten [&hellip;]<\/p>\n","protected":false},"author":1,"featured_media":0,"parent":0,"menu_order":0,"comment_status":"closed","ping_status":"closed","template":"","meta":{"footnotes":""},"class_list":["post-6","page","type-page","status-publish","hentry"],"_links":{"self":[{"href":"https:\/\/agerekg.at\/index.php\/wp-json\/wp\/v2\/pages\/6","targetHints":{"allow":["GET"]}}],"collection":[{"href":"https:\/\/agerekg.at\/index.php\/wp-json\/wp\/v2\/pages"}],"about":[{"href":"https:\/\/agerekg.at\/index.php\/wp-json\/wp\/v2\/types\/page"}],"author":[{"embeddable":true,"href":"https:\/\/agerekg.at\/index.php\/wp-json\/wp\/v2\/users\/1"}],"replies":[{"embeddable":true,"href":"https:\/\/agerekg.at\/index.php\/wp-json\/wp\/v2\/comments?post=6"}],"version-history":[{"count":5,"href":"https:\/\/agerekg.at\/index.php\/wp-json\/wp\/v2\/pages\/6\/revisions"}],"predecessor-version":[{"id":120,"href":"https:\/\/agerekg.at\/index.php\/wp-json\/wp\/v2\/pages\/6\/revisions\/120"}],"wp:attachment":[{"href":"https:\/\/agerekg.at\/index.php\/wp-json\/wp\/v2\/media?parent=6"}],"curies":[{"name":"wp","href":"https:\/\/api.w.org\/{rel}","templated":true}]}}