{"id":96,"date":"2021-05-27T21:45:33","date_gmt":"2021-05-27T21:45:33","guid":{"rendered":"https:\/\/agerekg.at\/?page_id=96"},"modified":"2021-05-27T22:09:37","modified_gmt":"2021-05-27T22:09:37","slug":"usability","status":"publish","type":"page","link":"https:\/\/agerekg.at\/index.php\/usability\/","title":{"rendered":"Usability"},"content":{"rendered":"<p>Agere bietet Unterst\u00fctzung f\u00fcr den gesamten Prozess des User-Centric Designs an.<\/p>\n<p>Optimale Ansprache der Klienten auf Webseiten, aber auch in Druckwerken und elektronischen Medien ist wichtig wie nie zuvor. Die Reiz\u00fcberflutung ist gro\u00df, so manche Konzerne haben Standards gesetzt, die von Nutzern erwartet werden.<\/p>\n<p>Oft haben Kunden nicht die Ressourcen, um einen kompletten User-Centric Design Prozess voll zu durchlaufen. Wir analysieren dann gemeinsam mit den Kunden, welche schnelle Ma\u00dfnahmen einen gro\u00dfen Effekt bringen und erstellen einen Phasenplan. So wird Usability auch f\u00fcr kleinere Organisationen zu einem leistbaren und lohnenden Beitrag zum Erfolg.<\/p>\n<p>Ein Auszug unserer Unterst\u00fctzungsleistungen beinhaltet: Usability Evaluation, Anwendung der Personas Methode, Durchf\u00fchrung von User-Tests online wie in Pr\u00e4senz, Moderation von Fokusgruppen, Design von Experimenten, aber auch Pr\u00fcfung und \u00dcbertragung von Texten in einfache oder leichte Sprache,&#8230;<\/p>\n","protected":false},"excerpt":{"rendered":"<p>Agere bietet Unterst\u00fctzung f\u00fcr den gesamten Prozess des User-Centric Designs an. Optimale Ansprache der Klienten auf Webseiten, aber auch in Druckwerken und elektronischen Medien ist wichtig wie nie zuvor. Die Reiz\u00fcberflutung ist gro\u00df, so manche Konzerne haben Standards gesetzt, die von Nutzern erwartet werden. Oft haben Kunden nicht die Ressourcen, um einen kompletten User-Centric Design [&hellip;]<\/p>\n","protected":false},"author":3,"featured_media":0,"parent":0,"menu_order":0,"comment_status":"closed","ping_status":"closed","template":"","meta":{"footnotes":""},"class_list":["post-96","page","type-page","status-publish","hentry"],"_links":{"self":[{"href":"https:\/\/agerekg.at\/index.php\/wp-json\/wp\/v2\/pages\/96","targetHints":{"allow":["GET"]}}],"collection":[{"href":"https:\/\/agerekg.at\/index.php\/wp-json\/wp\/v2\/pages"}],"about":[{"href":"https:\/\/agerekg.at\/index.php\/wp-json\/wp\/v2\/types\/page"}],"author":[{"embeddable":true,"href":"https:\/\/agerekg.at\/index.php\/wp-json\/wp\/v2\/users\/3"}],"replies":[{"embeddable":true,"href":"https:\/\/agerekg.at\/index.php\/wp-json\/wp\/v2\/comments?post=96"}],"version-history":[{"count":5,"href":"https:\/\/agerekg.at\/index.php\/wp-json\/wp\/v2\/pages\/96\/revisions"}],"predecessor-version":[{"id":106,"href":"https:\/\/agerekg.at\/index.php\/wp-json\/wp\/v2\/pages\/96\/revisions\/106"}],"wp:attachment":[{"href":"https:\/\/agerekg.at\/index.php\/wp-json\/wp\/v2\/media?parent=96"}],"curies":[{"name":"wp","href":"https:\/\/api.w.org\/{rel}","templated":true}]}}